{"id":1500,"date":"2025-03-24T03:40:48","date_gmt":"2025-03-24T03:40:48","guid":{"rendered":"https:\/\/jerrypower.com\/?post_type=product&#038;p=1500"},"modified":"2025-03-24T03:40:48","modified_gmt":"2025-03-24T03:40:48","slug":"jr-q3-3-1-home-theatre-systems-hi-fi-professional-speaker-with-subwoofer","status":"publish","type":"product","link":"https:\/\/jerrypower.com\/es\/producto\/jr-q3-3-1-home-theatre-systems-hi-fi-professional-speaker-with-subwoofer\/","title":{"rendered":"JR-Q3 3.1 Home Theatre Systems HI-FI Professional Speaker with Subwoofer"},"content":{"rendered":"<p><img fetchpriority=\"high\" decoding=\"async\" class=\"size-full wp-image-1295\" src=\"https:\/\/jerrypower.com\/wp-content\/uploads\/2025\/03\/\u99961.jpg\" alt=\"Detalles del producto Inicio\" width=\"800\" height=\"813\" srcset=\"https:\/\/jerrypower.com\/wp-content\/uploads\/2025\/03\/\u99961.jpg 800w, https:\/\/jerrypower.com\/wp-content\/uploads\/2025\/03\/\u99961-295x300.jpg 295w, https:\/\/jerrypower.com\/wp-content\/uploads\/2025\/03\/\u99961-768x780.jpg 768w, https:\/\/jerrypower.com\/wp-content\/uploads\/2025\/03\/\u99961-600x610.jpg 600w\" sizes=\"(max-width: 800px) 100vw, 800px\" \/><\/p>\n<p><img decoding=\"async\" class=\"size-full wp-image-1304\" src=\"https:\/\/jerrypower.com\/wp-content\/uploads\/2025\/03\/\u4ea7\u54c1\u8bf4\u660e2.jpg\" alt=\"Detalles del producto Mapa del producto\" width=\"800\" height=\"60\" srcset=\"https:\/\/jerrypower.com\/wp-content\/uploads\/2025\/03\/\u4ea7\u54c1\u8bf4\u660e2.jpg 800w, https:\/\/jerrypower.com\/wp-content\/uploads\/2025\/03\/\u4ea7\u54c1\u8bf4\u660e2-300x23.jpg 300w, https:\/\/jerrypower.com\/wp-content\/uploads\/2025\/03\/\u4ea7\u54c1\u8bf4\u660e2-768x58.jpg 768w, https:\/\/jerrypower.com\/wp-content\/uploads\/2025\/03\/\u4ea7\u54c1\u8bf4\u660e2-600x45.jpg 600w\" sizes=\"(max-width: 800px) 100vw, 800px\" \/><\/p>\n<p><img decoding=\"async\" class=\"size-full wp-image-1501\" src=\"https:\/\/jerrypower.com\/wp-content\/uploads\/2025\/03\/Q3-1.jpg\" alt=\"Jerry power-Q3\" width=\"800\" height=\"800\" srcset=\"https:\/\/jerrypower.com\/wp-content\/uploads\/2025\/03\/Q3-1.jpg 800w, https:\/\/jerrypower.com\/wp-content\/uploads\/2025\/03\/Q3-1-300x300.jpg 300w, https:\/\/jerrypower.com\/wp-content\/uploads\/2025\/03\/Q3-1-150x150.jpg 150w, https:\/\/jerrypower.com\/wp-content\/uploads\/2025\/03\/Q3-1-768x768.jpg 768w, https:\/\/jerrypower.com\/wp-content\/uploads\/2025\/03\/Q3-1-600x600.jpg 600w, https:\/\/jerrypower.com\/wp-content\/uploads\/2025\/03\/Q3-1-100x100.jpg 100w\" sizes=\"(max-width: 800px) 100vw, 800px\" \/><\/p>\n<p><img loading=\"lazy\" decoding=\"async\" class=\"size-full wp-image-1502\" src=\"https:\/\/jerrypower.com\/wp-content\/uploads\/2025\/03\/Q3\u9ed1-3-scaled.jpg\" alt=\"Jerry power-Q3\" width=\"2560\" height=\"2560\" srcset=\"https:\/\/jerrypower.com\/wp-content\/uploads\/2025\/03\/Q3\u9ed1-3-scaled.jpg 2560w, https:\/\/jerrypower.com\/wp-content\/uploads\/2025\/03\/Q3\u9ed1-3-300x300.jpg 300w, https:\/\/jerrypower.com\/wp-content\/uploads\/2025\/03\/Q3\u9ed1-3-1024x1024.jpg 1024w, https:\/\/jerrypower.com\/wp-content\/uploads\/2025\/03\/Q3\u9ed1-3-150x150.jpg 150w, https:\/\/jerrypower.com\/wp-content\/uploads\/2025\/03\/Q3\u9ed1-3-768x768.jpg 768w, https:\/\/jerrypower.com\/wp-content\/uploads\/2025\/03\/Q3\u9ed1-3-1536x1536.jpg 1536w, https:\/\/jerrypower.com\/wp-content\/uploads\/2025\/03\/Q3\u9ed1-3-2048x2048.jpg 2048w, https:\/\/jerrypower.com\/wp-content\/uploads\/2025\/03\/Q3\u9ed1-3-600x600.jpg 600w, https:\/\/jerrypower.com\/wp-content\/uploads\/2025\/03\/Q3\u9ed1-3-100x100.jpg 100w\" sizes=\"(max-width: 2560px) 100vw, 2560px\" \/><\/p>\n<p><img loading=\"lazy\" decoding=\"async\" class=\"size-full wp-image-1503\" src=\"https:\/\/jerrypower.com\/wp-content\/uploads\/2025\/03\/Q3\u9ed1-4-scaled.jpg\" alt=\"Jerry power-Q3\" width=\"2560\" height=\"2560\" srcset=\"https:\/\/jerrypower.com\/wp-content\/uploads\/2025\/03\/Q3\u9ed1-4-scaled.jpg 2560w, https:\/\/jerrypower.com\/wp-content\/uploads\/2025\/03\/Q3\u9ed1-4-300x300.jpg 300w, https:\/\/jerrypower.com\/wp-content\/uploads\/2025\/03\/Q3\u9ed1-4-1024x1024.jpg 1024w, https:\/\/jerrypower.com\/wp-content\/uploads\/2025\/03\/Q3\u9ed1-4-150x150.jpg 150w, https:\/\/jerrypower.com\/wp-content\/uploads\/2025\/03\/Q3\u9ed1-4-768x768.jpg 768w, https:\/\/jerrypower.com\/wp-content\/uploads\/2025\/03\/Q3\u9ed1-4-1536x1536.jpg 1536w, https:\/\/jerrypower.com\/wp-content\/uploads\/2025\/03\/Q3\u9ed1-4-2048x2048.jpg 2048w, https:\/\/jerrypower.com\/wp-content\/uploads\/2025\/03\/Q3\u9ed1-4-600x600.jpg 600w, https:\/\/jerrypower.com\/wp-content\/uploads\/2025\/03\/Q3\u9ed1-4-100x100.jpg 100w\" sizes=\"(max-width: 2560px) 100vw, 2560px\" \/><\/p>\n<p><img loading=\"lazy\" decoding=\"async\" class=\"size-full wp-image-1504\" src=\"https:\/\/jerrypower.com\/wp-content\/uploads\/2025\/03\/Q3\u9ed1-5-scaled.jpg\" alt=\"Jerry power-Q3\" width=\"2560\" height=\"2560\" srcset=\"https:\/\/jerrypower.com\/wp-content\/uploads\/2025\/03\/Q3\u9ed1-5-scaled.jpg 2560w, https:\/\/jerrypower.com\/wp-content\/uploads\/2025\/03\/Q3\u9ed1-5-300x300.jpg 300w, https:\/\/jerrypower.com\/wp-content\/uploads\/2025\/03\/Q3\u9ed1-5-1024x1024.jpg 1024w, https:\/\/jerrypower.com\/wp-content\/uploads\/2025\/03\/Q3\u9ed1-5-150x150.jpg 150w, https:\/\/jerrypower.com\/wp-content\/uploads\/2025\/03\/Q3\u9ed1-5-768x768.jpg 768w, https:\/\/jerrypower.com\/wp-content\/uploads\/2025\/03\/Q3\u9ed1-5-1536x1536.jpg 1536w, https:\/\/jerrypower.com\/wp-content\/uploads\/2025\/03\/Q3\u9ed1-5-2048x2048.jpg 2048w, https:\/\/jerrypower.com\/wp-content\/uploads\/2025\/03\/Q3\u9ed1-5-600x600.jpg 600w, https:\/\/jerrypower.com\/wp-content\/uploads\/2025\/03\/Q3\u9ed1-5-100x100.jpg 100w\" sizes=\"(max-width: 2560px) 100vw, 2560px\" \/><\/p>\n<p><img loading=\"lazy\" decoding=\"async\" class=\"size-full wp-image-1305\" src=\"https:\/\/jerrypower.com\/wp-content\/uploads\/2025\/03\/\u4ea7\u54c1\u56fe4.jpg\" alt=\"Detalles del producto Mapa del producto\" width=\"800\" height=\"704\" srcset=\"https:\/\/jerrypower.com\/wp-content\/uploads\/2025\/03\/\u4ea7\u54c1\u56fe4.jpg 800w, https:\/\/jerrypower.com\/wp-content\/uploads\/2025\/03\/\u4ea7\u54c1\u56fe4-300x264.jpg 300w, https:\/\/jerrypower.com\/wp-content\/uploads\/2025\/03\/\u4ea7\u54c1\u56fe4-768x676.jpg 768w, https:\/\/jerrypower.com\/wp-content\/uploads\/2025\/03\/\u4ea7\u54c1\u56fe4-600x528.jpg 600w\" sizes=\"(max-width: 800px) 100vw, 800px\" \/><\/p>\n<p><img loading=\"lazy\" decoding=\"async\" class=\"size-full wp-image-1306\" src=\"https:\/\/jerrypower.com\/wp-content\/uploads\/2025\/03\/\u573a\u666f\u56fe5.jpg\" alt=\"Detalles del producto diagrama de escena\" width=\"800\" height=\"1269\" srcset=\"https:\/\/jerrypower.com\/wp-content\/uploads\/2025\/03\/\u573a\u666f\u56fe5.jpg 800w, https:\/\/jerrypower.com\/wp-content\/uploads\/2025\/03\/\u573a\u666f\u56fe5-189x300.jpg 189w, https:\/\/jerrypower.com\/wp-content\/uploads\/2025\/03\/\u573a\u666f\u56fe5-646x1024.jpg 646w, https:\/\/jerrypower.com\/wp-content\/uploads\/2025\/03\/\u573a\u666f\u56fe5-768x1218.jpg 768w, https:\/\/jerrypower.com\/wp-content\/uploads\/2025\/03\/\u573a\u666f\u56fe5-600x952.jpg 600w\" sizes=\"(max-width: 800px) 100vw, 800px\" \/><\/p>\n<p><img loading=\"lazy\" decoding=\"async\" class=\"size-full wp-image-1302\" src=\"https:\/\/jerrypower.com\/wp-content\/uploads\/2025\/03\/\u4ed3\u5e93\u56fe9.jpg\" alt=\"Encontrar\u00e1 informaci\u00f3n detallada sobre los productos en la p\u00e1gina del diagrama del almac\u00e9n\" width=\"800\" height=\"680\" srcset=\"https:\/\/jerrypower.com\/wp-content\/uploads\/2025\/03\/\u4ed3\u5e93\u56fe9.jpg 800w, https:\/\/jerrypower.com\/wp-content\/uploads\/2025\/03\/\u4ed3\u5e93\u56fe9-300x255.jpg 300w, https:\/\/jerrypower.com\/wp-content\/uploads\/2025\/03\/\u4ed3\u5e93\u56fe9-768x653.jpg 768w, https:\/\/jerrypower.com\/wp-content\/uploads\/2025\/03\/\u4ed3\u5e93\u56fe9-600x510.jpg 600w\" sizes=\"(max-width: 800px) 100vw, 800px\" \/><\/p>\n<p><img loading=\"lazy\" decoding=\"async\" class=\"size-full wp-image-1301\" src=\"https:\/\/jerrypower.com\/wp-content\/uploads\/2025\/03\/\u53c2\u5c55\u56fe10.jpg\" alt=\"Detalles del producto p\u00e1gina de planos de exposici\u00f3n\" width=\"800\" height=\"955\" srcset=\"https:\/\/jerrypower.com\/wp-content\/uploads\/2025\/03\/\u53c2\u5c55\u56fe10.jpg 800w, https:\/\/jerrypower.com\/wp-content\/uploads\/2025\/03\/\u53c2\u5c55\u56fe10-251x300.jpg 251w, https:\/\/jerrypower.com\/wp-content\/uploads\/2025\/03\/\u53c2\u5c55\u56fe10-768x917.jpg 768w, https:\/\/jerrypower.com\/wp-content\/uploads\/2025\/03\/\u53c2\u5c55\u56fe10-600x716.jpg 600w\" sizes=\"(max-width: 800px) 100vw, 800px\" \/><\/p>\n<p><img loading=\"lazy\" decoding=\"async\" class=\"size-full wp-image-1296\" src=\"https:\/\/jerrypower.com\/wp-content\/uploads\/2025\/03\/\u4e3a\u4ec0\u4e48\u9009\u62e9\u6211\u4eec6.jpg\" alt=\"Detalles del producto Por qu\u00e9 elegirnos\" width=\"800\" height=\"1140\" srcset=\"https:\/\/jerrypower.com\/wp-content\/uploads\/2025\/03\/\u4e3a\u4ec0\u4e48\u9009\u62e9\u6211\u4eec6.jpg 800w, https:\/\/jerrypower.com\/wp-content\/uploads\/2025\/03\/\u4e3a\u4ec0\u4e48\u9009\u62e9\u6211\u4eec6-211x300.jpg 211w, https:\/\/jerrypower.com\/wp-content\/uploads\/2025\/03\/\u4e3a\u4ec0\u4e48\u9009\u62e9\u6211\u4eec6-719x1024.jpg 719w, https:\/\/jerrypower.com\/wp-content\/uploads\/2025\/03\/\u4e3a\u4ec0\u4e48\u9009\u62e9\u6211\u4eec6-768x1094.jpg 768w, https:\/\/jerrypower.com\/wp-content\/uploads\/2025\/03\/\u4e3a\u4ec0\u4e48\u9009\u62e9\u6211\u4eec6-600x855.jpg 600w\" sizes=\"(max-width: 800px) 100vw, 800px\" \/><\/p>\n<p><img loading=\"lazy\" decoding=\"async\" class=\"size-full wp-image-1298\" src=\"https:\/\/jerrypower.com\/wp-content\/uploads\/2025\/03\/\u8bc1\u4e668.jpg\" alt=\"Detalles del producto P\u00e1gina del certificado\" width=\"800\" height=\"700\" srcset=\"https:\/\/jerrypower.com\/wp-content\/uploads\/2025\/03\/\u8bc1\u4e668.jpg 800w, https:\/\/jerrypower.com\/wp-content\/uploads\/2025\/03\/\u8bc1\u4e668-300x263.jpg 300w, https:\/\/jerrypower.com\/wp-content\/uploads\/2025\/03\/\u8bc1\u4e668-768x672.jpg 768w, https:\/\/jerrypower.com\/wp-content\/uploads\/2025\/03\/\u8bc1\u4e668-600x525.jpg 600w\" sizes=\"(max-width: 800px) 100vw, 800px\" \/><\/p>\n<p><img loading=\"lazy\" decoding=\"async\" class=\"size-full wp-image-1300\" src=\"https:\/\/jerrypower.com\/wp-content\/uploads\/2025\/03\/FAQ12.jpg\" alt=\"Detalles del producto P\u00e1gina de preguntas frecuentes\" width=\"800\" height=\"1154\" srcset=\"https:\/\/jerrypower.com\/wp-content\/uploads\/2025\/03\/FAQ12.jpg 800w, https:\/\/jerrypower.com\/wp-content\/uploads\/2025\/03\/FAQ12-208x300.jpg 208w, https:\/\/jerrypower.com\/wp-content\/uploads\/2025\/03\/FAQ12-710x1024.jpg 710w, https:\/\/jerrypower.com\/wp-content\/uploads\/2025\/03\/FAQ12-768x1108.jpg 768w, https:\/\/jerrypower.com\/wp-content\/uploads\/2025\/03\/FAQ12-600x866.jpg 600w\" sizes=\"(max-width: 800px) 100vw, 800px\" \/><\/p>\n<p><img loading=\"lazy\" decoding=\"async\" class=\"size-full wp-image-1307\" src=\"https:\/\/jerrypower.com\/wp-content\/uploads\/2025\/03\/\u5bf9\u6bd4\u56fe14-scaled.jpg\" alt=\"Product details comparison chart\" width=\"522\" height=\"2560\" srcset=\"https:\/\/jerrypower.com\/wp-content\/uploads\/2025\/03\/\u5bf9\u6bd4\u56fe14-scaled.jpg 522w, https:\/\/jerrypower.com\/wp-content\/uploads\/2025\/03\/\u5bf9\u6bd4\u56fe14-61x300.jpg 61w, https:\/\/jerrypower.com\/wp-content\/uploads\/2025\/03\/\u5bf9\u6bd4\u56fe14-209x1024.jpg 209w, https:\/\/jerrypower.com\/wp-content\/uploads\/2025\/03\/\u5bf9\u6bd4\u56fe14-313x1536.jpg 313w, https:\/\/jerrypower.com\/wp-content\/uploads\/2025\/03\/\u5bf9\u6bd4\u56fe14-600x2941.jpg 600w\" sizes=\"(max-width: 522px) 100vw, 522px\" \/><\/p>","protected":false},"excerpt":{"rendered":"<p>Model: JR-Q3<br \/>\nFunction:RC\/BT\/USB\/CD\/FM\/TV\/multimedia<br \/>\nPotencia: 60 W<br \/>\nFrecuencia: 20Hz- 20KHz<br \/>\nRelaci\u00f3n se\u00f1al\/ruido\uff1a&gt;72dB<br \/>\nDistorsi\u00f3n\uff1a \uff1c0.5%<br \/>\nDrive units\uff1a 6.5&#8221;*1+3&#8221;*3<br \/>\nImpedance:8\u03a9*1+8\u03a9*3<br \/>\nVoltaje:AC110V~240V 50Hz\/60Hz<br \/>\nCarton Size:437*388*350MM<br \/>\nNet weight:5.8kg<br \/>\nGross weight:6.8kg<\/p>","protected":false},"featured_media":1501,"comment_status":"open","ping_status":"closed","template":"","meta":{"_uag_custom_page_level_css":"","site-sidebar-layout":"default","site-content-layout":"","ast-site-content-layout":"default","site-content-style":"default","site-sidebar-style":"default","ast-global-header-display":"","ast-banner-title-visibility":"","ast-main-header-display":"","ast-hfb-above-header-display":"","ast-hfb-below-header-display":"","ast-hfb-mobile-header-display":"","site-post-title":"","ast-breadcrumbs-content":"","ast-featured-img":"","footer-sml-layout":"","theme-transparent-header-meta":"default","adv-header-id-meta":"","stick-header-meta":"default","header-above-stick-meta":"","header-main-stick-meta":"","header-below-stick-meta":"","astra-migrate-meta-layouts":"set","ast-page-background-enabled":"default","ast-page-background-meta":{"desktop":{"background-color":"var(--ast-global-color-4)","background-image":"","background-repeat":"repeat","background-position":"center center","background-size":"auto","background-attachment":"scroll","background-type":"","background-media":"","overlay-type":"","overlay-color":"","overlay-opacity":"","overlay-gradient":""},"tablet":{"background-color":"","background-image":"","background-repeat":"repeat","background-position":"center center","background-size":"auto","background-attachment":"scroll","background-type":"","background-media":"","overlay-type":"","overlay-color":"","overlay-opacity":"","overlay-gradient":""},"mobile":{"background-color":"","background-image":"","background-repeat":"repeat","background-position":"center center","background-size":"auto","background-attachment":"scroll","background-type":"","background-media":"","overlay-type":"","overlay-color":"","overlay-opacity":"","overlay-gradient":""}},"ast-content-background-meta":{"desktop":{"background-color":"var(--ast-global-color-5)","background-image":"","background-repeat":"repeat","background-position":"center center","background-size":"auto","background-attachment":"scroll","background-type":"","background-media":"","overlay-type":"","overlay-color":"","overlay-opacity":"","overlay-gradient":""},"tablet":{"background-color":"var(--ast-global-color-5)","background-image":"","background-repeat":"repeat","background-position":"center center","background-size":"auto","background-attachment":"scroll","background-type":"","background-media":"","overlay-type":"","overlay-color":"","overlay-opacity":"","overlay-gradient":""},"mobile":{"background-color":"var(--ast-global-color-5)","background-image":"","background-repeat":"repeat","background-position":"center center","background-size":"auto","background-attachment":"scroll","background-type":"","background-media":"","overlay-type":"","overlay-color":"","overlay-opacity":"","overlay-gradient":""}}},"product_brand":[],"product_cat":[27,23],"product_tag":[61],"class_list":{"0":"post-1500","1":"product","2":"type-product","3":"status-publish","4":"has-post-thumbnail","6":"product_cat-all-products","7":"product_cat-3-1-home-theatre-system","8":"product_tag-jr-q3","9":"desktop-align-left","10":"tablet-align-left","11":"mobile-align-left","12":"ast-product-gallery-layout-horizontal-slider","13":"ast-product-tabs-layout-horizontal","15":"first","16":"instock","17":"shipping-taxable","18":"product-type-simple"},"spectra_custom_meta":{"_uabb_version":["1.35.27"],"_edit_last":["1"],"_edit_lock":["1742795643:1"],"_thumbnail_id":["1501"],"total_sales":["0"],"_tax_status":["taxable"],"_tax_class":[""],"_manage_stock":["no"],"_backorders":["no"],"_sold_individually":["no"],"_virtual":["no"],"_downloadable":["no"],"_download_limit":["-1"],"_download_expiry":["-1"],"_stock":[null],"_stock_status":["instock"],"_wc_average_rating":["0"],"_wc_review_count":["0"],"_product_version":["9.7.1"],"_product_image_gallery":["1506,1503,1502,1504,1505"],"site-sidebar-layout":["default"],"ast-site-content-layout":["default"],"site-content-style":["default"],"site-sidebar-style":["default"],"theme-transparent-header-meta":["default"],"astra-migrate-meta-layouts":["set"],"stick-header-meta":["default"],"_uag_page_assets":["a:9:{s:3:\"css\";s:5318:\".uag-blocks-common-selector{z-index:var(--z-index-desktop) !important}@media (max-width: 976px){.uag-blocks-common-selector{z-index:var(--z-index-tablet) !important}}@media (max-width: 767px){.uag-blocks-common-selector{z-index:var(--z-index-mobile) !important}}\n.wp-block-uagb-faq{width:100%}.wp-block-uagb-faq.uagb-faq-layout-accordion .uagb-faq-child__outer-wrap .uagb-faq-questions-button{cursor:pointer}.wp-block-uagb-faq .uagb-faq-content{margin-bottom:0}.wp-block-uagb-faq .uagb-faq-content p{margin:auto}.uagb-faq-layout-grid.uagb-faq-equal-height.uagb-faq__wrap .uagb-faq-child__outer-wrap,.uagb-faq-layout-grid.uagb-faq-equal-height.uagb-faq__wrap .uagb-faq-item{height:100%}body[class*=\"astra\"] .uagb-faq-questions{line-height:normal}.uagb-faq-item{overflow:hidden}\n.wp-block-uagb-faq-child .uagb-faq-questions-button{display:flex;align-items:center}.wp-block-uagb-faq-child .uagb-faq-questions-button .uagb-faq-icon-wrap{display:flex;align-items:center}.wp-block-uagb-faq-child .uagb-faq-questions-button .uagb-question{width:100%;margin-top:0;margin-bottom:0}.wp-block-uagb-faq-child .uagb-icon svg,.wp-block-uagb-faq-child .uagb-icon-active svg{width:15px;height:15px;font-size:15px}.wp-block-uagb-faq-child.uagb-faq-child__outer-wrap.uagb-faq-item .uagb-icon-active,.wp-block-uagb-faq-child.uagb-faq-child__outer-wrap.uagb-faq-item.uagb-faq-item-active .uagb-icon,.wp-block-uagb-faq-child.uagb-faq-child__outer-wrap .uagb-faq-item .uagb-icon-active,.wp-block-uagb-faq-child.uagb-faq-child__outer-wrap .uagb-faq-item.uagb-faq-item-active .uagb-icon{display:none;width:0;padding:0;height:0;margin:0}.wp-block-uagb-faq-child.uagb-faq-child__outer-wrap.uagb-faq-item .uagb-icon,.wp-block-uagb-faq-child.uagb-faq-child__outer-wrap.uagb-faq-item.uagb-faq-item-active .uagb-icon-active,.wp-block-uagb-faq-child.uagb-faq-child__outer-wrap .uagb-faq-item .uagb-icon,.wp-block-uagb-faq-child.uagb-faq-child__outer-wrap .uagb-faq-item.uagb-faq-item-active .uagb-icon-active{display:flex;width:auto;height:auto}.uagb-faq-layout-grid .uagb-faq-child__outer-wrap.uagb-faq-item .uagb-icon,.uagb-faq-layout-grid .uagb-faq-child__outer-wrap.uagb-faq-item.uagb-faq-item-active .uagb-icon-active,.uagb-faq-layout-grid .uagb-faq-child__outer-wrap .uagb-faq-item .uagb-icon,.uagb-faq-layout-grid .uagb-faq-child__outer-wrap .uagb-faq-item.uagb-faq-item-active .uagb-icon-active{display:none}.uagb-faq-layout-grid .uagb-faq-child__outer-wrap.uagb-faq-item span.uagb-icon-active.uagb-faq-icon-wrap,.uagb-faq-layout-grid .uagb-faq-child__outer-wrap.uagb-faq-item.uagb-faq-item-active .uagb-icon-active,.uagb-faq-layout-grid .uagb-faq-child__outer-wrap .uagb-faq-item span.uagb-icon-active.uagb-faq-icon-wrap,.uagb-faq-layout-grid .uagb-faq-child__outer-wrap .uagb-faq-item.uagb-faq-item-active .uagb-icon-active{display:none}\n.uagb-block-f775d5ba .uagb-icon svg{width: 12px;height: 12px;font-size: 12px;}.uagb-block-f775d5ba .uagb-icon-active svg{width: 12px;height: 12px;font-size: 12px;}.uagb-block-f775d5ba .uagb-faq-child__outer-wrap{margin-bottom: 10px;}.uagb-block-f775d5ba .uagb-faq-item{border-top-width: 1px;border-left-width: 1px;border-right-width: 1px;border-bottom-width: 1px;border-top-left-radius: 2px;border-top-right-radius: 2px;border-bottom-left-radius: 2px;border-bottom-right-radius: 2px;border-color: #1e1e1e;border-style: solid;}.uagb-block-f775d5ba .uagb-faq-questions-button{padding-top: 10px;padding-bottom: 10px;padding-right: 10px;padding-left: 10px;}.uagb-block-f775d5ba .uagb-faq-content{padding-top: 10px;padding-bottom: 10px;padding-right: 10px;padding-left: 10px;}.uagb-block-f775d5ba .uagb-faq-content span{margin-top: 10px;margin-bottom: 10px;margin-right: 10px;margin-left: 10px;}.uagb-block-f775d5ba.uagb-faq-icon-row .uagb-faq-item .uagb-faq-icon-wrap{margin-right: 10px;}.uagb-block-f775d5ba.uagb-faq-icon-row-reverse .uagb-faq-item .uagb-faq-icon-wrap{margin-left: 10px;}.uagb-block-f775d5ba .uagb-faq-item .uagb-faq-questions-button.uagb-faq-questions{flex-direction: row;}.uagb-block-f775d5ba .wp-block-uagb-faq-child.uagb-faq-child__outer-wrap .uagb-faq-content {display: none;}@media only screen and (max-width: 976px) {.uagb-block-f775d5ba.uagb-faq-icon-row .uagb-faq-item .uagb-faq-icon-wrap{margin-right: 10px;}.uagb-block-f775d5ba.uagb-faq-icon-row-reverse .uagb-faq-item .uagb-faq-icon-wrap{margin-left: 10px;}.uagb-block-f775d5ba .uagb-faq-questions-button{padding-top: 10px;padding-bottom: 10px;padding-right: 10px;padding-left: 10px;}.uagb-block-f775d5ba .uagb-faq-content{padding-top: 10px;padding-bottom: 10px;padding-right: 10px;padding-left: 10px;}.uagb-block-f775d5ba .uagb-faq-content span{margin-top: 10px;margin-bottom: 10px;margin-right: 10px;margin-left: 10px;}}@media only screen and (max-width: 767px) {.uagb-block-f775d5ba.uagb-faq-icon-row .uagb-faq-item .uagb-faq-icon-wrap{margin-right: 10px;}.uagb-block-f775d5ba.uagb-faq-icon-row-reverse .uagb-faq-item .uagb-faq-icon-wrap{margin-left: 10px;}.uagb-block-f775d5ba .uagb-faq-questions-button{padding-top: 10px;padding-bottom: 10px;padding-right: 10px;padding-left: 10px;}.uagb-block-f775d5ba .uagb-faq-content{padding-top: 10px;padding-bottom: 10px;padding-right: 10px;padding-left: 10px;}.uagb-block-f775d5ba .uagb-faq-content span{margin-top: 10px;margin-bottom: 10px;margin-right: 10px;margin-left: 10px;}}\";s:2:\"js\";s:0:\"\";s:18:\"current_block_list\";a:15:{i:0;s:11:\"core\/search\";i:1;s:10:\"core\/group\";i:2;s:12:\"core\/heading\";i:3;s:17:\"core\/latest-posts\";i:4;s:20:\"core\/latest-comments\";i:5;s:13:\"core\/archives\";i:6;s:15:\"core\/categories\";i:7;s:14:\"core\/paragraph\";i:8;s:9:\"core\/list\";i:9;s:8:\"uagb\/faq\";i:10;s:14:\"uagb\/faq-child\";i:11;s:21:\"wpforms\/form-selector\";i:12;s:12:\"core\/buttons\";i:13;s:11:\"core\/button\";i:14;s:10:\"core\/image\";}s:8:\"uag_flag\";b:1;s:11:\"uag_version\";s:10:\"1776709905\";s:6:\"gfonts\";a:0:{}s:10:\"gfonts_url\";s:0:\"\";s:12:\"gfonts_files\";a:0:{}s:14:\"uag_faq_layout\";b:1;}"],"_elementor_page_assets":["a:0:{}"]},"uagb_featured_image_src":{"full":["https:\/\/jerrypower.com\/wp-content\/uploads\/2025\/03\/Q3-1.jpg",800,800,false],"thumbnail":["https:\/\/jerrypower.com\/wp-content\/uploads\/2025\/03\/Q3-1-150x150.jpg",150,150,true],"medium":["https:\/\/jerrypower.com\/wp-content\/uploads\/2025\/03\/Q3-1-300x300.jpg",300,300,true],"medium_large":["https:\/\/jerrypower.com\/wp-content\/uploads\/2025\/03\/Q3-1-768x768.jpg",768,768,true],"large":["https:\/\/jerrypower.com\/wp-content\/uploads\/2025\/03\/Q3-1.jpg",800,800,false],"1536x1536":["https:\/\/jerrypower.com\/wp-content\/uploads\/2025\/03\/Q3-1.jpg",800,800,false],"2048x2048":["https:\/\/jerrypower.com\/wp-content\/uploads\/2025\/03\/Q3-1.jpg",800,800,false],"trp-custom-language-flag":["https:\/\/jerrypower.com\/wp-content\/uploads\/2025\/03\/Q3-1.jpg",12,12,false],"woocommerce_thumbnail":["https:\/\/jerrypower.com\/wp-content\/uploads\/2025\/03\/Q3-1-300x300.jpg",300,300,true],"woocommerce_single":["https:\/\/jerrypower.com\/wp-content\/uploads\/2025\/03\/Q3-1-600x600.jpg",600,600,true],"woocommerce_gallery_thumbnail":["https:\/\/jerrypower.com\/wp-content\/uploads\/2025\/03\/Q3-1-100x100.jpg",100,100,true]},"uagb_author_info":{"display_name":"jerrypowerhuang@gmail.com","author_link":"https:\/\/jerrypower.com\/es\/author\/"},"uagb_comment_info":0,"uagb_excerpt":"Model: JR-Q3 Function:RC\/BT\/USB\/CD\/FM\/TV\/multimedia Power: 60W Frequency: 20Hz- 20KHz S\/N Ratio\uff1a&gt;72dB Distorition\uff1a \uff1c0.5% Drive units\uff1a 6.5''*1+3''*3 Impedance:8\u03a9*1+8\u03a9*3 Voltage:AC110V~240V 50Hz\/60Hz Carton Size:437*388*350MM Net weight:5.8kg Gross weight:6.8kg","_links":{"self":[{"href":"https:\/\/jerrypower.com\/es\/wp-json\/wp\/v2\/product\/1500","targetHints":{"allow":["GET"]}}],"collection":[{"href":"https:\/\/jerrypower.com\/es\/wp-json\/wp\/v2\/product"}],"about":[{"href":"https:\/\/jerrypower.com\/es\/wp-json\/wp\/v2\/types\/product"}],"replies":[{"embeddable":true,"href":"https:\/\/jerrypower.com\/es\/wp-json\/wp\/v2\/comments?post=1500"}],"wp:featuredmedia":[{"embeddable":true,"href":"https:\/\/jerrypower.com\/es\/wp-json\/wp\/v2\/media\/1501"}],"wp:attachment":[{"href":"https:\/\/jerrypower.com\/es\/wp-json\/wp\/v2\/media?parent=1500"}],"wp:term":[{"taxonomy":"product_brand","embeddable":true,"href":"https:\/\/jerrypower.com\/es\/wp-json\/wp\/v2\/product_brand?post=1500"},{"taxonomy":"product_cat","embeddable":true,"href":"https:\/\/jerrypower.com\/es\/wp-json\/wp\/v2\/product_cat?post=1500"},{"taxonomy":"product_tag","embeddable":true,"href":"https:\/\/jerrypower.com\/es\/wp-json\/wp\/v2\/product_tag?post=1500"}],"curies":[{"name":"wp","href":"https:\/\/api.w.org\/{rel}","templated":true}]}}